{"id":4878,"date":"2023-08-23T14:03:58","date_gmt":"2023-08-23T11:03:58","guid":{"rendered":"https:\/\/new.uam.md\/?page_id=4878"},"modified":"2024-02-13T16:30:43","modified_gmt":"2024-02-13T13:30:43","slug":"contact-us","status":"publish","type":"page","link":"https:\/\/uam.md\/en\/about-us\/contact-us\/","title":{"rendered":"Contact Us"},"content":{"rendered":"\n<div class=\"wp-block-columns is-layout-flex wp-container-core-columns-is-layout-9d6595d7 wp-block-columns-is-layout-flex\">\n<div class=\"wp-block-column is-layout-flow wp-block-column-is-layout-flow\" style=\"flex-basis:40%\">\n<div class=\"wp-block-contact-form-7-contact-form-selector\">\n<div class=\"wpcf7 no-js\" id=\"wpcf7-f7554-o1\" lang=\"en-US\" dir=\"ltr\">\n<div class=\"screen-reader-response\"><p role=\"status\" aria-live=\"polite\" aria-atomic=\"true\"><\/p> <ul><\/ul><\/div>\n<form action=\"\/en\/wp-json\/wp\/v2\/pages\/4878#wpcf7-f7554-o1\" method=\"post\" class=\"wpcf7-form init\" aria-label=\"Contact form\" novalidate=\"novalidate\" data-status=\"init\">\n<div style=\"display: none;\">\n<input type=\"hidden\" name=\"_wpcf7\" value=\"7554\" \/>\n<input type=\"hidden\" name=\"_wpcf7_version\" value=\"5.8.7\" \/>\n<input type=\"hidden\" name=\"_wpcf7_locale\" value=\"en_US\" \/>\n<input type=\"hidden\" name=\"_wpcf7_unit_tag\" value=\"wpcf7-f7554-o1\" \/>\n<input type=\"hidden\" name=\"_wpcf7_container_post\" value=\"0\" \/>\n<input type=\"hidden\" name=\"_wpcf7_posted_data_hash\" value=\"\" \/>\n<\/div>\n<p><label> Email<br \/>\n<span class=\"wpcf7-form-control-wrap\" data-name=\"user-email\"><input size=\"40\" class=\"wpcf7-form-control wpcf7-email wpcf7-validates-as-required wpcf7-text wpcf7-validates-as-email\" aria-required=\"true\" aria-invalid=\"false\" placeholder=\"example@gmail.com\" value=\"\" type=\"email\" name=\"user-email\" \/><\/span> <\/label>\n<\/p>\n<p><label> Name, Lastname<br \/>\n<span class=\"wpcf7-form-control-wrap\" data-name=\"user-name\"><input size=\"40\" class=\"wpcf7-form-control wpcf7-text wpcf7-validates-as-required\" aria-required=\"true\" aria-invalid=\"false\" placeholder=\"Popescu Ion\" value=\"\" type=\"text\" name=\"user-name\" \/><\/span> <\/label>\n<\/p>\n<p><label> Phone<br \/>\n<span class=\"wpcf7-form-control-wrap\" data-name=\"user-phone\"><input size=\"40\" class=\"wpcf7-form-control wpcf7-tel wpcf7-validates-as-required wpcf7-text wpcf7-validates-as-tel\" aria-required=\"true\" aria-invalid=\"false\" placeholder=\"+373********\" value=\"\" type=\"tel\" name=\"user-phone\" \/><\/span><\/label>\n<\/p>\n<p><label> Message<br \/>\n<span class=\"wpcf7-form-control-wrap\" data-name=\"user-message\"><textarea cols=\"40\" rows=\"10\" class=\"wpcf7-form-control wpcf7-textarea wpcf7-validates-as-required\" aria-required=\"true\" aria-invalid=\"false\" name=\"user-message\"><\/textarea><\/span> <\/label>\n<\/p>\n<p><input class=\"wpcf7-form-control wpcf7-submit has-spinner\" type=\"submit\" value=\"Send\" \/>\n<\/p><div class=\"wpcf7-response-output\" aria-hidden=\"true\"><\/div>\n<\/form>\n<\/div>\n<\/div>\n<\/div>\n\n\n\n<div class=\"wp-block-column is-layout-flow wp-block-column-is-layout-flow\">\n<div style=\" height: 570px; padding: 45px 30px; background-color: #282828;\n    background-image: url(http:\/\/uam.md\/wp-content\/uploads\/2023\/11\/photo_2023-11-30_00-19-49.jpg);\n    background-position: cover;\n    background-size: auto;transition: background 0.3s, border 0.3s, border-radius 0.3s, box-shadow 0.3s;color:#FFF;\">\n<h3 style=\"margin-bottom: 40px;\n    font-size: 19px;\">UNION OF ADVOCATES OF REPUBLIC OF MOLDOVA<\/h3>\n<p><strong>Address:<\/strong> MD-2012, mun. Chi\u015fin\u0103u, str. Bucure\u015fti nr. 46<\/p>\n<p><strong>Email: <\/strong>uniunea.avocatilor.rm@gmail.com<\/p>\n<p><strong>Tel. secretariat:<\/strong>&nbsp;<a href=\"tel:+37322226152\" style=\"text-decoration: none;\n    color: #FFF;\">+373 22 226 152<\/a><\/p>\n<p><strong>Tel. commissions:<\/strong>&nbsp;<a href=\"tel:+37322222422\" style=\"    text-decoration: none;\n    color: #FFF;\">+373 22 222 422<\/a><\/p>\n<p><strong>Tel. Training Center:<\/strong>&nbsp;<a href=\"tel:+37360510097\" style=\"text-decoration: none;\n    color: #FFF;\">+373 60 510 097<\/a><\/p>\n<p><strong>Tel. accounting:<\/strong> +373 22 226 510<\/p>\n<style>\n  .facebook-link {\n    display: flex;\n    align-items: center;\n    height: 36px;\n\n  }\n\n  .facebook-link img {\n    margin-right: 5px; \/* Spa\u021biu \u00eentre imagine \u0219i text, ajusteaz\u0103 dup\u0103 nevoie *\/\n  }\n.facebook-link p {\n    color: white;\n  }\n<\/style>\n\n<a href=\"https:\/\/www.facebook.com\/UniuneaAvocatilorRM\" target=\"_blank\" class=\"facebook-link\" rel=\"noopener\">\n  <img decoding=\"async\" src=\"https:\/\/uam.md\/wp-content\/uploads\/2023\/11\/facebook.svg\" alt=\"facebook\">\n  <p>Facebook<\/p>\n<\/a>\n<a href=\"https:\/\/www.instagram.com\/uniunea.avocatilor.rm\/\" target=\"_blank\" class=\"facebook-link\" rel=\"noopener\">\n  <img decoding=\"async\" src=\"https:\/\/uam.md\/wp-content\/uploads\/2023\/11\/instagram.svg\" alt=\"facebook\">\n  <p>Instagram<\/p>\n<\/a>\n<a href=\"https:\/\/www.linkedin.com\/in\/uniunea-avoca%C8%9Bilor-din-republica-moldova-71987261\/\" target=\"_blank\" class=\"facebook-link\" rel=\"noopener\">\n  <img decoding=\"async\" src=\"https:\/\/uam.md\/wp-content\/uploads\/2023\/11\/linkedin.svg\" alt=\"facebook\">\n  <p>Linkedin<\/p>\n<\/a>\n<\/div>\n<\/div>\n<\/div>\n\n\n\n<div style=\"height:40px\" aria-hidden=\"true\" class=\"wp-block-spacer\"><\/div>\n\n\n\n<iframe src=\"https:\/\/www.google.com\/maps\/embed?pb=!1m18!1m12!1m3!1d365.6878904832678!2d28.83413585547714!3d47.01771281070749!2m3!1f0!2f0!3f0!3m2!1i1024!2i768!4f13.1!3m3!1m2!1s0x40c97c2feb5a8c1b%3A0xd43468a368d18656!2sUniunea%20Avocatilor%20din%20Republica%20Moldova!5e0!3m2!1sen!2s!4v1700134143569!5m2!1sen!2s\" height=\"450\" style=\"border:0;width:100%;margin-bottom:20px;border: 1px #c8158d solid;\" allowfullscreen=\"\" loading=\"lazy\" referrerpolicy=\"no-referrer-when-downgrade\"><\/iframe>\n","protected":false},"excerpt":{"rendered":"<p>UNION OF ADVOCATES OF REPUBLIC OF MOLDOVA Address: MD-2012, mun. Chi\u015fin\u0103u, str. Bucure\u015fti nr. 46 Email: uniunea.avocatilor.rm@gmail.com Tel. secretariat:&nbsp;+373 22 226 152 Tel. commissions:&nbsp;+373 22 222 422 Tel. Training Center:&nbsp;+373 [&hellip;]<\/p>\n","protected":false},"author":1,"featured_media":5346,"parent":4866,"menu_order":79,"comment_status":"closed","ping_status":"closed","template":"","meta":{"inline_featured_image":false,"footnotes":""},"class_list":["post-4878","page","type-page","status-publish","has-post-thumbnail","hentry"],"acf":[],"aioseo_notices":[],"_links":{"self":[{"href":"https:\/\/uam.md\/en\/wp-json\/wp\/v2\/pages\/4878","targetHints":{"allow":["GET"]}}],"collection":[{"href":"https:\/\/uam.md\/en\/wp-json\/wp\/v2\/pages"}],"about":[{"href":"https:\/\/uam.md\/en\/wp-json\/wp\/v2\/types\/page"}],"author":[{"embeddable":true,"href":"https:\/\/uam.md\/en\/wp-json\/wp\/v2\/users\/1"}],"replies":[{"embeddable":true,"href":"https:\/\/uam.md\/en\/wp-json\/wp\/v2\/comments?post=4878"}],"version-history":[{"count":10,"href":"https:\/\/uam.md\/en\/wp-json\/wp\/v2\/pages\/4878\/revisions"}],"predecessor-version":[{"id":7570,"href":"https:\/\/uam.md\/en\/wp-json\/wp\/v2\/pages\/4878\/revisions\/7570"}],"up":[{"embeddable":true,"href":"https:\/\/uam.md\/en\/wp-json\/wp\/v2\/pages\/4866"}],"wp:featuredmedia":[{"embeddable":true,"href":"https:\/\/uam.md\/en\/wp-json\/wp\/v2\/media\/5346"}],"wp:attachment":[{"href":"https:\/\/uam.md\/en\/wp-json\/wp\/v2\/media?parent=4878"}],"curies":[{"name":"wp","href":"https:\/\/api.w.org\/{rel}","templated":true}]}}